{"id":12,"date":"2020-06-16T16:28:55","date_gmt":"2020-06-16T14:28:55","guid":{"rendered":"http:\/\/www.leschizooo.de\/?page_id=12"},"modified":"2020-12-30T07:25:58","modified_gmt":"2020-12-30T06:25:58","slug":"dayz-server-regeln","status":"publish","type":"page","link":"https:\/\/www.leschizooo.de\/?page_id=12","title":{"rendered":"DayZ Server Regeln"},"content":{"rendered":"\n<p><br>\u00a71 Der Spa\u00df steht im Vordergrund auf dem Server<\/p>\n\n\n\n<p>\u00a71.1 Sei kein Idiot<\/p>\n\n\n\n<p>\u00a71.2 Schie\u00dfen nach eigenem ermessen, sollte ein Spieler freundlich gesonnen sein, sollte man ihn vllt. nicht direkt erschie\u00dfen.<\/p>\n\n\n\n<p>\u00a71.3 Wer nat\u00fcrlich direkt frech usw. r\u00fcber kommt, kann auch direkt ne Kugel fangen \ud83d\ude00<\/p>\n\n\n\n<p>\u00a71.4 Spieler erschrecken ist erlaubt<\/p>\n\n\n\n<p>\u00a72 Trader sind Safezones. Campen, um herauskommende abzufangen, sie zu T\u00f6ten usw ist verboden.<\/p>\n\n\n\n<p class=\"has-text-color\" style=\"color:#ff0000\">\u00a72.1 Wurde Entfernt<\/p>\n\n\n\n<p class=\"has-text-color\" style=\"color:#ff0004\">\u00a72.2 Wurde Entfernt<\/p>\n\n\n\n<p class=\"has-text-color\" style=\"color:#ff0004\">\u00a72.3 Wurde Entfernt<\/p>\n\n\n\n<p class=\"has-text-color\" style=\"color:#ff0004\">\u00a72.4 Wurde Entfernt<\/p>\n\n\n\n<p>\u00a72.5 H\u00e4ndler ohne SafeZones sind BLACK MARKET !! Diese Orte sind nicht Teil der Sicherheitszone. Also sei vorsichtig !!!!!! Sie k\u00f6nnen dort schie\u00dfen.<\/p>\n\n\n\n<p>\u00a72.6 Sachen aus den Autos, die einem nicht geh\u00f6ren, klauen usw. ist verboten. Bei Versto\u00df ist man Vogelfrei. M\u00f6ge die Jagt beginnen<\/p>\n\n\n\n<p class=\"has-text-color\" style=\"color:#ff0004\">\u00a72.7 Wurde Entfernt<\/p>\n\n\n\n<p class=\"has-text-color\" style=\"color:#ff0004\">\u00a72.8 Wurde Entfernt<\/p>\n\n\n\n<p>\u00a73 Wer aus dem Roten Kreuz Base was rausnimmt, muss sp\u00e4ter, wenns ihm besser geht auch wieder was auff\u00fcllen.<\/p>\n\n\n\n<p>\u00a73.1 Rote Kreuz Base ist nur f\u00fcr Notf\u00e4lle<\/p>\n\n\n\n<p>\u00a73.2 Bitte kein unn\u00f6tigen Loot dort abladen, nur das N\u00f6tigste f\u00fcr das erste \u00dcberleben.<\/p>\n\n\n\n<p>\u00a73.3 Essen, Trinken (nichts vers\u00e4uchtes, nur sauberes), Medikamente und Klamotten. Vl auch noch paar Gegenst\u00e4nde zum wehren gegen Zombies dort hinterlassen.<\/p>\n\n\n\n<p>\u00a74 Beleidigungen gegen\u00fcber anderen Spielern ist verboten.<\/p>\n\n\n\n<p>\u00a74.1 Trolling ist genau so verboten.<\/p>\n\n\n\n<p>\u00a74.2 Mobbing ist verboten <\/p>\n\n\n\n<p>\u00a75 Bugusing ist verboten und wird mit einem Ban bestraft<\/p>\n\n\n\n<p>\u00a75.1 Wer durch einen nachvollziehbaren Bug Sachen verliert, kann sie \u00fcber einen Admin zur\u00fcck bekommen Absatz<\/p>\n\n\n\n<p>\u00a76 Mit dem BuildAnywhere nicht \u00fcbertreiben. Dies wurde nur eingef\u00fcgt, da man manche Sachen nicht bauen konnte, wegen einigen Unebenheiten. Da das Game selber es nicht zul\u00e4sst, bei kleinen Unebenheiten oder wenn ein anderer Gegenstand zu nah ist.<\/p>\n","protected":false},"excerpt":{"rendered":"<p>\u00a71 Der Spa\u00df steht im Vordergrund auf dem Server \u00a71.1 Sei kein Idiot \u00a71.2 Schie\u00dfen nach eigenem ermessen, sollte ein Spieler freundlich gesonnen sein, sollte man ihn vllt. nicht direkt erschie\u00dfen. \u00a71.3 Wer nat\u00fcrlich direkt frech usw. r\u00fcber kommt, kann &hellip; <a href=\"https:\/\/www.leschizooo.de\/?page_id=12\">Weiterlesen <span class=\"meta-nav\">&rarr;<\/span><\/a><\/p>\n","protected":false},"author":1,"featured_media":0,"parent":0,"menu_order":0,"comment_status":"closed","ping_status":"closed","template":"","meta":{"footnotes":""},"class_list":["post-12","page","type-page","status-publish","hentry"],"_links":{"self":[{"href":"https:\/\/www.leschizooo.de\/index.php?rest_route=\/wp\/v2\/pages\/12","targetHints":{"allow":["GET"]}}],"collection":[{"href":"https:\/\/www.leschizooo.de\/index.php?rest_route=\/wp\/v2\/pages"}],"about":[{"href":"https:\/\/www.leschizooo.de\/index.php?rest_route=\/wp\/v2\/types\/page"}],"author":[{"embeddable":true,"href":"https:\/\/www.leschizooo.de\/index.php?rest_route=\/wp\/v2\/users\/1"}],"replies":[{"embeddable":true,"href":"https:\/\/www.leschizooo.de\/index.php?rest_route=%2Fwp%2Fv2%2Fcomments&post=12"}],"version-history":[{"count":3,"href":"https:\/\/www.leschizooo.de\/index.php?rest_route=\/wp\/v2\/pages\/12\/revisions"}],"predecessor-version":[{"id":118,"href":"https:\/\/www.leschizooo.de\/index.php?rest_route=\/wp\/v2\/pages\/12\/revisions\/118"}],"wp:attachment":[{"href":"https:\/\/www.leschizooo.de\/index.php?rest_route=%2Fwp%2Fv2%2Fmedia&parent=12"}],"curies":[{"name":"wp","href":"https:\/\/api.w.org\/{rel}","templated":true}]}}